{"id":2,"date":"2022-03-24T11:01:24","date_gmt":"2022-03-24T14:01:24","guid":{"rendered":"https:\/\/itapoasa.com\/?page_id=2"},"modified":"2022-03-25T10:17:48","modified_gmt":"2022-03-25T13:17:48","slug":"pagina-exemplo","status":"publish","type":"page","link":"https:\/\/itapoasa.com\/index.php\/pagina-exemplo\/","title":{"rendered":"Nossa Hist\u00f3ria"},"content":{"rendered":"\n<p>Somos a Itapo\u00e1 Participa\u00e7\u00f5es SA idealizadores, empreendedores e controladores indiretos do Porto Itapo\u00e1.<\/p>\n\n\n\n<figure class=\"wp-block-image size-large\"><img loading=\"lazy\" decoding=\"async\" width=\"1024\" height=\"1010\" src=\"http:\/\/itapoasa.com\/wp-content\/uploads\/2022\/03\/Vertical-timeline-example-1-1-1024x1010.png\" alt=\"\" class=\"wp-image-123\" srcset=\"https:\/\/itapoasa.com\/wp-content\/uploads\/2022\/03\/Vertical-timeline-example-1-1-1024x1010.png 1024w, https:\/\/itapoasa.com\/wp-content\/uploads\/2022\/03\/Vertical-timeline-example-1-1-300x296.png 300w, https:\/\/itapoasa.com\/wp-content\/uploads\/2022\/03\/Vertical-timeline-example-1-1-768x758.png 768w, https:\/\/itapoasa.com\/wp-content\/uploads\/2022\/03\/Vertical-timeline-example-1-1-732x722.png 732w, https:\/\/itapoasa.com\/wp-content\/uploads\/2022\/03\/Vertical-timeline-example-1-1-1140x1125.png 1140w, https:\/\/itapoasa.com\/wp-content\/uploads\/2022\/03\/Vertical-timeline-example-1-1.png 1357w\" sizes=\"(max-width: 1024px) 100vw, 1024px\" \/><\/figure>\n\n\n\n<div class=\"wp-block-buttons is-layout-flex wp-block-buttons-is-layout-flex\">\n<div class=\"wp-block-button aligncenter\"><a class=\"wp-block-button__link\" href=\"https:\/\/www.b3.com.br\/pt_br\/produtos-e-servicos\/solucoes-para-emissores\/ofertas-publicas\/ofertas-em-andamento\/endurance-debt-fundo-de-investimento-em-participacoes-em-infraestrutura-1-emissao.htm\" target=\"_blank\" rel=\"noreferrer noopener\">Endurance Debt Fundo de Investimento em Participa\u00e7\u00f5es em Infraestrutura<\/a><\/div>\n<\/div>\n","protected":false},"excerpt":{"rendered":"<p>Somos a Itapo\u00e1 Participa\u00e7\u00f5es SA idealizadores, empreendedores e controladores indiretos do Porto Itapo\u00e1.<\/p>\n","protected":false},"author":1,"featured_media":0,"parent":0,"menu_order":0,"comment_status":"closed","ping_status":"open","template":"","meta":{"footnotes":""},"_links":{"self":[{"href":"https:\/\/itapoasa.com\/index.php\/wp-json\/wp\/v2\/pages\/2"}],"collection":[{"href":"https:\/\/itapoasa.com\/index.php\/wp-json\/wp\/v2\/pages"}],"about":[{"href":"https:\/\/itapoasa.com\/index.php\/wp-json\/wp\/v2\/types\/page"}],"author":[{"embeddable":true,"href":"https:\/\/itapoasa.com\/index.php\/wp-json\/wp\/v2\/users\/1"}],"replies":[{"embeddable":true,"href":"https:\/\/itapoasa.com\/index.php\/wp-json\/wp\/v2\/comments?post=2"}],"version-history":[{"count":6,"href":"https:\/\/itapoasa.com\/index.php\/wp-json\/wp\/v2\/pages\/2\/revisions"}],"predecessor-version":[{"id":125,"href":"https:\/\/itapoasa.com\/index.php\/wp-json\/wp\/v2\/pages\/2\/revisions\/125"}],"wp:attachment":[{"href":"https:\/\/itapoasa.com\/index.php\/wp-json\/wp\/v2\/media?parent=2"}],"curies":[{"name":"wp","href":"https:\/\/api.w.org\/{rel}","templated":true}]}}